{"id":8,"date":"2026-03-04T03:17:18","date_gmt":"2026-03-04T03:17:18","guid":{"rendered":"https:\/\/psico-logia.com\/?page_id=8"},"modified":"2026-04-04T23:03:45","modified_gmt":"2026-04-04T23:03:45","slug":"quien-soy","status":"publish","type":"page","link":"https:\/\/psico-logia.com\/?page_id=8","title":{"rendered":"Quien Soy"},"content":{"rendered":"\n<div class=\"wp-block-stackable-columns stk-block-columns stk-block stk-8e99216\" data-block-id=\"8e99216\"><div class=\"stk-row stk-inner-blocks stk-block-content stk-content-align stk-8e99216-column\">\n<div class=\"wp-block-stackable-column stk-block-column stk-column stk-block stk-3d09f69\" data-v=\"4\" data-block-id=\"3d09f69\"><style>@media screen and (min-width:690px){.stk-3d09f69 {flex:var(--stk-flex-grow, 1) 1 33.3% !important;}}<\/style><div class=\"stk-column-wrapper stk-block-column__content stk-container stk-3d09f69-container stk--no-background stk--no-padding\"><div class=\"stk-block-content stk-inner-blocks stk-3d09f69-inner-blocks\">\n<div class=\"wp-block-stackable-image stk-block-image stk-block stk-a03d6b9\" data-block-id=\"a03d6b9\"><style>.stk-a03d6b9 .stk-img-wrapper{width:227px !important;}<\/style><figure><span class=\"stk-img-wrapper stk-image--shape-stretch\"><img loading=\"lazy\" decoding=\"async\" class=\"stk-img wp-image-39\" src=\"https:\/\/psico-logia.com\/wp-content\/uploads\/2026\/04\/Mi-Foto.png\" width=\"227\" height=\"257\"\/><\/span><\/figure><\/div>\n<\/div><\/div><\/div>\n\n\n\n<div class=\"wp-block-stackable-column stk-block-column stk-column stk-block stk-f94cf9a\" data-v=\"4\" data-block-id=\"f94cf9a\"><style>@media screen and (min-width:690px){.stk-f94cf9a {flex:var(--stk-flex-grow, 1) 1 66.7% !important;}}<\/style><div class=\"stk-column-wrapper stk-block-column__content stk-container stk-f94cf9a-container stk--no-background stk--no-padding\"><div class=\"stk-block-content stk-inner-blocks stk-f94cf9a-inner-blocks\">\n<div class=\"wp-block-stackable-text stk-block-text stk-block stk-eff26cf\" data-block-id=\"eff26cf\"><p class=\"stk-block-text__text\">\u00a1Hola! Soy, Mauricio D\u00e1vila, un profesional con una combinaci\u00f3n poco com\u00fan pero sumamente estrat\u00e9gica: cuento con formaci\u00f3n tanto en <strong>psicolog\u00eda<\/strong> como en <strong>administraci\u00f3n de empresas<\/strong>. Mi trayectoria me ha permitido dominar ambos lados de la moneda; por un lado, la sensibilidad y el an\u00e1lisis cl\u00ednico atendiendo pacientes y facilitando terapia de grupo, y por el otro, la visi\u00f3n ejecutiva liderando equipos de trabajo y gestionando proyectos con impacto a nivel nacional. Algo que me apasiona es <strong>convertir datos complejos en informaci\u00f3n clara, \u00fatil y totalmente aplicable para la toma de decisiones<\/strong>. Estoy convencido de que aplicar este enfoque anal\u00edtico al \u00e1mbito de la psicolog\u00eda aporta un gran valor, especialmente en la psicometr\u00eda, donde el verdadero arte no solo est\u00e1 en medir, sino en transformar esos n\u00fameros en estrategias inteligentes, \u00fatiles y con un sentido humano.<\/p><\/div>\n<\/div><\/div><\/div>\n<\/div><\/div>\n\n\n\n<p><\/p>\n","protected":false},"excerpt":{"rendered":"<p>\u00a1Hola! Soy, Mauricio D\u00e1vila, un profesional con una combinaci\u00f3n poco com\u00fan pero sumamente estrat\u00e9gica: cuento con formaci\u00f3n tanto en psicolog\u00eda como en administraci\u00f3n de empresas. Mi trayectoria me ha permitido dominar ambos lados de la moneda; por un lado, la sensibilidad y el an\u00e1lisis cl\u00ednico atendiendo pacientes y facilitando terapia de grupo, y por el [&hellip;]<\/p>\n","protected":false},"author":1,"featured_media":0,"parent":0,"menu_order":0,"comment_status":"closed","ping_status":"closed","template":"","meta":{"footnotes":""},"class_list":["post-8","page","type-page","status-publish","hentry"],"blocksy_meta":[],"_hostinger_reach_plugin_has_subscription_block":false,"_hostinger_reach_plugin_is_elementor":false,"_links":{"self":[{"href":"https:\/\/psico-logia.com\/index.php?rest_route=\/wp\/v2\/pages\/8","targetHints":{"allow":["GET"]}}],"collection":[{"href":"https:\/\/psico-logia.com\/index.php?rest_route=\/wp\/v2\/pages"}],"about":[{"href":"https:\/\/psico-logia.com\/index.php?rest_route=\/wp\/v2\/types\/page"}],"author":[{"embeddable":true,"href":"https:\/\/psico-logia.com\/index.php?rest_route=\/wp\/v2\/users\/1"}],"replies":[{"embeddable":true,"href":"https:\/\/psico-logia.com\/index.php?rest_route=%2Fwp%2Fv2%2Fcomments&post=8"}],"version-history":[{"count":3,"href":"https:\/\/psico-logia.com\/index.php?rest_route=\/wp\/v2\/pages\/8\/revisions"}],"predecessor-version":[{"id":42,"href":"https:\/\/psico-logia.com\/index.php?rest_route=\/wp\/v2\/pages\/8\/revisions\/42"}],"wp:attachment":[{"href":"https:\/\/psico-logia.com\/index.php?rest_route=%2Fwp%2Fv2%2Fmedia&parent=8"}],"curies":[{"name":"wp","href":"https:\/\/api.w.org\/{rel}","templated":true}]}}