{"id":5,"date":"2026-03-04T03:13:36","date_gmt":"2026-03-04T03:13:36","guid":{"rendered":"https:\/\/psico-logia.com\/?page_id=5"},"modified":"2026-04-04T22:51:41","modified_gmt":"2026-04-04T22:51:41","slug":"inicio","status":"publish","type":"page","link":"https:\/\/psico-logia.com\/","title":{"rendered":"Inicio"},"content":{"rendered":"\n<div class=\"wp-block-stackable-columns stk-block-columns stk-block stk-926094b\" data-block-id=\"926094b\"><div class=\"stk-row stk-inner-blocks stk-block-content stk-content-align stk-926094b-column\">\n<div class=\"wp-block-stackable-column stk-block-column stk-column stk-block stk-7359c78\" data-v=\"4\" data-block-id=\"7359c78\"><style>@media screen and (min-width:690px){.stk-7359c78 {flex:var(--stk-flex-grow, 1) 1 33.3% !important;}}<\/style><div class=\"stk-column-wrapper stk-block-column__content stk-container stk-7359c78-container stk--no-background stk--no-padding\"><div class=\"stk-block-content stk-inner-blocks stk-7359c78-inner-blocks\">\n<div class=\"wp-block-stackable-image stk-block-image stk-block stk-f5747f4\" data-block-id=\"f5747f4\"><style>.stk-f5747f4 .stk-img-wrapper{width:227px !important;}<\/style><figure><span class=\"stk-img-wrapper stk-image--shape-stretch\"><img loading=\"lazy\" decoding=\"async\" class=\"stk-img wp-image-39\" src=\"https:\/\/psico-logia.com\/wp-content\/uploads\/2026\/04\/Mi-Foto.png\" width=\"227\" height=\"257\"\/><\/span><\/figure><\/div>\n<\/div><\/div><\/div>\n\n\n\n<div class=\"wp-block-stackable-column stk-block-column stk-column stk-block stk-c370b36\" data-v=\"4\" data-block-id=\"c370b36\"><style>@media screen and (min-width:690px){.stk-c370b36 {flex:var(--stk-flex-grow, 1) 1 66.7% !important;}}<\/style><div class=\"stk-column-wrapper stk-block-column__content stk-container stk-c370b36-container stk--no-background stk--no-padding\"><div class=\"stk-block-content stk-inner-blocks stk-c370b36-inner-blocks\">\n<div class=\"wp-block-stackable-text stk-block-text stk-block stk-5638e71\" data-block-id=\"5638e71\"><p class=\"stk-block-text__text\">Soy un psic\u00f3logo especializado en la calificaci\u00f3n e interpretaci\u00f3n de psicom\u00e9tricos, y ofrezco este servicio a colegas psic\u00f3logos, estudiantes y empresas que requieren evaluaciones confiables, profesionales y \u00fatiles para la toma de decisiones. Lo que distingue mis informes es que se entregan en un formato psicogr\u00e1fico, es decir, visual, intuitivo y f\u00e1cil de entender, lo que permite apreciar con claridad el perfil evaluado sin perder el sustento t\u00e9cnico. Cada reporte incluye la interpretaci\u00f3n de resultados, un informe redactado de manera clara y profesional, y conclusiones enfocadas al \u00e1mbito de aplicaci\u00f3n correspondiente, ya sea cl\u00ednico, escolar o laboral, facilitando as\u00ed un uso pr\u00e1ctico, preciso y de alto valor para cada caso.<\/p><\/div>\n<\/div><\/div><\/div>\n<\/div><\/div>\n\n\n\n<p><\/p>\n","protected":false},"excerpt":{"rendered":"<p>Soy un psic\u00f3logo especializado en la calificaci\u00f3n e interpretaci\u00f3n de psicom\u00e9tricos, y ofrezco este servicio a colegas psic\u00f3logos, estudiantes y empresas que requieren evaluaciones confiables, profesionales y \u00fatiles para la toma de decisiones. Lo que distingue mis informes es que se entregan en un formato psicogr\u00e1fico, es decir, visual, intuitivo y f\u00e1cil de entender, lo [&hellip;]<\/p>\n","protected":false},"author":1,"featured_media":0,"parent":0,"menu_order":0,"comment_status":"closed","ping_status":"closed","template":"","meta":{"footnotes":""},"class_list":["post-5","page","type-page","status-publish","hentry"],"blocksy_meta":[],"_hostinger_reach_plugin_has_subscription_block":false,"_hostinger_reach_plugin_is_elementor":false,"_links":{"self":[{"href":"https:\/\/psico-logia.com\/index.php?rest_route=\/wp\/v2\/pages\/5","targetHints":{"allow":["GET"]}}],"collection":[{"href":"https:\/\/psico-logia.com\/index.php?rest_route=\/wp\/v2\/pages"}],"about":[{"href":"https:\/\/psico-logia.com\/index.php?rest_route=\/wp\/v2\/types\/page"}],"author":[{"embeddable":true,"href":"https:\/\/psico-logia.com\/index.php?rest_route=\/wp\/v2\/users\/1"}],"replies":[{"embeddable":true,"href":"https:\/\/psico-logia.com\/index.php?rest_route=%2Fwp%2Fv2%2Fcomments&post=5"}],"version-history":[{"count":3,"href":"https:\/\/psico-logia.com\/index.php?rest_route=\/wp\/v2\/pages\/5\/revisions"}],"predecessor-version":[{"id":40,"href":"https:\/\/psico-logia.com\/index.php?rest_route=\/wp\/v2\/pages\/5\/revisions\/40"}],"wp:attachment":[{"href":"https:\/\/psico-logia.com\/index.php?rest_route=%2Fwp%2Fv2%2Fmedia&parent=5"}],"curies":[{"name":"wp","href":"https:\/\/api.w.org\/{rel}","templated":true}]}}